{"id":28,"date":"2021-11-09T10:53:14","date_gmt":"2021-11-09T09:53:14","guid":{"rendered":"http:\/\/toloajtocentrum.hu\/?page_id=28"},"modified":"2021-11-18T10:25:40","modified_gmt":"2021-11-18T09:25:40","slug":"elerhetoseg","status":"publish","type":"page","link":"http:\/\/toloajtocentrum.hu\/?page_id=28","title":{"rendered":"El\u00e9rhet\u0151s\u00e9g"},"content":{"rendered":"\n<p>C\u00edm\u00fcnk:<\/p>\n\n\n\n<p>6000 Kecskem\u00e9t, Szolnoki \u00fat 1.<\/p>\n\n\n\n<p>(Alulj\u00e1r\u00f3 Ipari Park)<\/p>\n\n\n\n<p>Email:<\/p>\n\n\n\n<p> toloajto@toloajtocentrum.hu<\/p>\n\n\n\n<p>Telefon<\/p>\n\n\n\n<p>+36703758811<\/p>\n\n\n\n<p>+36204296090<\/p>\n\n\n\n<p><\/p>\n\n\n\n<p>K\u00e9rj\u00fck, hogy amennyiben szeretne szem\u00e9lyesen felkeresni benn\u00fcnket, egyeztessen el\u0151re id\u0151pontot telefonon, hogy maxim\u00e1lis figyelemr\u00e1ford\u00edt\u00e1ssal a rendelkez\u00e9s\u00e9re tudjunk \u00e1llni, \u00e9s szaktan\u00e1csad\u00e1sunkkal seg\u00edts\u00e9g\u00e9re tudjunk lenni abban, hogy megtal\u00e1ljuk az \u00d6n sz\u00e1m\u00e1ra legmegfelel\u0151bb megold\u00e1st.<\/p>\n\n\n\n<p><\/p>\n\n\n\n<h3>Nyitvatart\u00e1si id\u0151:<\/h3>\n\n\n\n<p>H\u00e9tf\u0151t\u0151l p\u00e9ntekig: 8:00-t\u00f3l 16:00-ig<\/p>\n\n\n\n<p>Szombat \u00e9s vas\u00e1rnap z\u00e1rva<\/p>\n","protected":false},"excerpt":{"rendered":"<p>C\u00edm\u00fcnk: 6000 Kecskem\u00e9t, Szolnoki \u00fat 1. (Alulj\u00e1r\u00f3 Ipari Park) Email: toloajto@toloajtocentrum.hu Telefon +36703758811 +36204296090 K\u00e9rj\u00fck, hogy amennyiben szeretne szem\u00e9lyesen felkeresni benn\u00fcnket, egyeztessen el\u0151re id\u0151pontot telefonon, hogy maxim\u00e1lis figyelemr\u00e1ford\u00edt\u00e1ssal a rendelkez\u00e9s\u00e9re &#8230;<\/p>\n","protected":false},"author":1,"featured_media":0,"parent":0,"menu_order":0,"comment_status":"closed","ping_status":"closed","template":"","meta":[],"_links":{"self":[{"href":"http:\/\/toloajtocentrum.hu\/index.php?rest_route=\/wp\/v2\/pages\/28"}],"collection":[{"href":"http:\/\/toloajtocentrum.hu\/index.php?rest_route=\/wp\/v2\/pages"}],"about":[{"href":"http:\/\/toloajtocentrum.hu\/index.php?rest_route=\/wp\/v2\/types\/page"}],"author":[{"embeddable":true,"href":"http:\/\/toloajtocentrum.hu\/index.php?rest_route=\/wp\/v2\/users\/1"}],"replies":[{"embeddable":true,"href":"http:\/\/toloajtocentrum.hu\/index.php?rest_route=%2Fwp%2Fv2%2Fcomments&post=28"}],"version-history":[{"count":4,"href":"http:\/\/toloajtocentrum.hu\/index.php?rest_route=\/wp\/v2\/pages\/28\/revisions"}],"predecessor-version":[{"id":74,"href":"http:\/\/toloajtocentrum.hu\/index.php?rest_route=\/wp\/v2\/pages\/28\/revisions\/74"}],"wp:attachment":[{"href":"http:\/\/toloajtocentrum.hu\/index.php?rest_route=%2Fwp%2Fv2%2Fmedia&parent=28"}],"curies":[{"name":"wp","href":"https:\/\/api.w.org\/{rel}","templated":true}]}}