{"id":27,"date":"2021-11-09T10:53:14","date_gmt":"2021-11-09T09:53:14","guid":{"rendered":"http:\/\/toloajtocentrum.hu\/?page_id=27"},"modified":"2021-11-09T11:04:27","modified_gmt":"2021-11-09T10:04:27","slug":"bemutatkozas","status":"publish","type":"page","link":"http:\/\/toloajtocentrum.hu\/?page_id=27","title":{"rendered":"Bemutatkoz\u00e1s"},"content":{"rendered":"\n<p>V\u00e1llalkoz\u00e1sunk, a Tol\u00f3ajt\u00f3 Centrum Kft egyedi m\u00e9ret\u0171 gardr\u00f3bszekr\u00e9nyek tervez\u00e9s\u00e9t, gy\u00e1rt\u00e1s\u00e1t, be\u00e9p\u00edt\u00e9s\u00e9t v\u00e9gzi a lakoss\u00e1g \u00e9s int\u00e9zm\u00e9nyek sz\u00e1m\u00e1ra. Term\u00e9szetesen emellett mindenf\u00e9le egyedi b\u00fator, l\u00e9pcs\u0151, \u00fcvegkorl\u00e1t gy\u00e1rt\u00e1s\u00e1t, kivitelez\u00e9s\u00e9t is v\u00e1llaljuk. Emellett tol\u00f3ajt\u00f3 vasalat, tol\u00f3-csukl\u00f3 ajt\u00f3, harmonika ajt\u00f3 \u00e9s falburkol\u00f3 elem, kieg\u00e9sz\u00edt\u0151k nagykereskedelm\u00e9vel is foglalkozik az asztalos \u00e9s bels\u0151\u00e9p\u00edt\u00e9szeti partnerek r\u00e9sz\u00e9re. \u00a0 <\/p>\n\n\n\n<p>Els\u0151dleges c\u00e9lunk, hogy partnereinknek hossz\u00fa t\u00e1v\u00fa \u00e9s professzion\u00e1lis megold\u00e1st ny\u00fajtsunk. A legjobb min\u0151s\u00e9g\u0171 vasalatrendszert aj\u00e1nljuk, \u00e9s maxim\u00e1lis szakmai seg\u00edts\u00e9ggel, szerel\u00e9si seg\u00e9dletekkel \u00e9s inform\u00e1ci\u00f3kkal l\u00e1tjuk el partnereinket. Szerz\u0151d\u00f6tt partnereinknek tervez\u0151programmal seg\u00edtj\u00fck munk\u00e1jukat. \u00a0 A k\u00e9rt vasalatokat, alum\u00ednium profilokat k\u00edv\u00e1ns\u00e1g szerint m\u00e9retre v\u00e1gjuk, illetve ha sz\u00fcks\u00e9g van r\u00e1, \u00f6ssze is \u00e1ll\u00edtjuk k\u00e9sz ajt\u00f3kk\u00e1, teh\u00e1t a bele tartoz\u00f3 bet\u00e9ttel egy\u00fctt, ami lehet b\u00fatorlap, \u00fcveg, t\u00fck\u00f6r, stb. \u00a0 A megrendelt alapanyagok, illetve a megrendelt komplett ajt\u00f3k kecskem\u00e9ti bemutat\u00f3term\u00fcnkben \u00e1tvehet\u0151ek, illetve el\u0151zetes egyeztet\u00e9s \u00fatj\u00e1n a vid\u00e9kre val\u00f3 sz\u00e1ll\u00edt\u00e1s is megoldhat\u00f3. <\/p>\n\n\n\n<p>Bemutat\u00f3term\u00fcnkben sz\u00e1mos tol\u00f3ajt\u00f3, illetve gardr\u00f3b kivitelez\u00e9sre l\u00e1thatnak p\u00e9ld\u00e1t az \u00e9rdekl\u0151d\u0151k, \u00e9s emellett kieg\u00e9sz\u00edt\u0151k forgalmaz\u00e1s\u00e1val is foglalkozunk, mint p\u00e9ld\u00e1ul szekr\u00e9nyvil\u00e1g\u00edt\u00e1sok, ruhaliftek, stb. <\/p>\n\n\n\n<p>K\u00e9rem, l\u00e1togassanak el bemutat\u00f3term\u00fcnkbe, \u00e9s gy\u0151z\u0151djenek meg szem\u00e9lyesen c\u00e9g\u00fcnk professzionalizmus\u00e1r\u00f3l, vagy tekints\u00e9k meg honlapunkat a <a rel=\"noreferrer noopener\" href=\"http:\/\/www.toloajtocentrum.hu\/?fbclid=IwAR0C7DlWAuTa52ob93FCbR3pPj7qNvhKX5MpJmS-M6_OsPSoJa30NZKc4n4\" target=\"_blank\">www.toloajtocentrum.hu<\/a> c\u00edmen. \u00a0 <\/p>\n\n\n\n<p>V\u00e1rjuk \u00e9rdekl\u0151d\u00e9seiket! <\/p>\n\n\n\n<p>\u00dcdv\u00f6zlettel: A Tol\u00f3ajt\u00f3 Centrum Kft. csapata<\/p>\n","protected":false},"excerpt":{"rendered":"<p>V\u00e1llalkoz\u00e1sunk, a Tol\u00f3ajt\u00f3 Centrum Kft egyedi m\u00e9ret\u0171 gardr\u00f3bszekr\u00e9nyek tervez\u00e9s\u00e9t, gy\u00e1rt\u00e1s\u00e1t, be\u00e9p\u00edt\u00e9s\u00e9t v\u00e9gzi a lakoss\u00e1g \u00e9s int\u00e9zm\u00e9nyek sz\u00e1m\u00e1ra. Term\u00e9szetesen emellett mindenf\u00e9le egyedi b\u00fator, l\u00e9pcs\u0151, \u00fcvegkorl\u00e1t gy\u00e1rt\u00e1s\u00e1t, kivitelez\u00e9s\u00e9t is v\u00e1llaljuk. Emellett tol\u00f3ajt\u00f3 &#8230;<\/p>\n","protected":false},"author":1,"featured_media":0,"parent":0,"menu_order":0,"comment_status":"closed","ping_status":"closed","template":"","meta":[],"_links":{"self":[{"href":"http:\/\/toloajtocentrum.hu\/index.php?rest_route=\/wp\/v2\/pages\/27"}],"collection":[{"href":"http:\/\/toloajtocentrum.hu\/index.php?rest_route=\/wp\/v2\/pages"}],"about":[{"href":"http:\/\/toloajtocentrum.hu\/index.php?rest_route=\/wp\/v2\/types\/page"}],"author":[{"embeddable":true,"href":"http:\/\/toloajtocentrum.hu\/index.php?rest_route=\/wp\/v2\/users\/1"}],"replies":[{"embeddable":true,"href":"http:\/\/toloajtocentrum.hu\/index.php?rest_route=%2Fwp%2Fv2%2Fcomments&post=27"}],"version-history":[{"count":2,"href":"http:\/\/toloajtocentrum.hu\/index.php?rest_route=\/wp\/v2\/pages\/27\/revisions"}],"predecessor-version":[{"id":39,"href":"http:\/\/toloajtocentrum.hu\/index.php?rest_route=\/wp\/v2\/pages\/27\/revisions\/39"}],"wp:attachment":[{"href":"http:\/\/toloajtocentrum.hu\/index.php?rest_route=%2Fwp%2Fv2%2Fmedia&parent=27"}],"curies":[{"name":"wp","href":"https:\/\/api.w.org\/{rel}","templated":true}]}}