{"id":2,"date":"2016-05-10T03:48:21","date_gmt":"2016-05-10T03:48:21","guid":{"rendered":"http:\/\/toloajtocentrum.hu\/?page_id=2"},"modified":"2021-11-09T13:21:46","modified_gmt":"2021-11-09T12:21:46","slug":"sample-page","status":"publish","type":"page","link":"http:\/\/toloajtocentrum.hu\/","title":{"rendered":"\u00dcdv\u00f6z\u00f6lj\u00fck!"},"content":{"rendered":"<div class=\"kvgmc6g5 cxmmr5t8 oygrvhab hcukyx3x c1et5uql\">\u00a0<\/div>\n<div class=\"o9v6fnle cxmmr5t8 oygrvhab hcukyx3x c1et5uql\">\n<div dir=\"auto\">Oldalunk jelenleg fejleszt\u00e9s alatt \u00e1ll.<\/div>\n<div dir=\"auto\">K\u00e9rem, addig is l\u00e1togass\u00e1k k\u00f6z\u00f6ss\u00e9gi oldalainkat az al\u00e1bbi ikonokra kattintva.<\/div>\n<div dir=\"auto\">\u00a0<\/div>\n<\/div>\n<div class=\"o9v6fnle cxmmr5t8 oygrvhab hcukyx3x c1et5uql\">\n<div dir=\"auto\">\u00dcdv\u00f6zlettel:<\/div>\n<\/div>\n<div class=\"o9v6fnle cxmmr5t8 oygrvhab hcukyx3x c1et5uql\">\n<div dir=\"auto\">A Tol\u00f3ajt\u00f3 Centrum Kft. csapata<\/div>\n<\/div>\n\n\n<p><\/p>\n","protected":false},"excerpt":{"rendered":"<p>\u00a0 Oldalunk jelenleg fejleszt\u00e9s alatt \u00e1ll. K\u00e9rem, addig is l\u00e1togass\u00e1k k\u00f6z\u00f6ss\u00e9gi oldalainkat az al\u00e1bbi ikonokra kattintva. \u00a0 \u00dcdv\u00f6zlettel: A Tol\u00f3ajt\u00f3 Centrum Kft. csapata<\/p>\n","protected":false},"author":1,"featured_media":36,"parent":0,"menu_order":0,"comment_status":"closed","ping_status":"open","template":"template-frontpage.php","meta":[],"_links":{"self":[{"href":"http:\/\/toloajtocentrum.hu\/index.php?rest_route=\/wp\/v2\/pages\/2"}],"collection":[{"href":"http:\/\/toloajtocentrum.hu\/index.php?rest_route=\/wp\/v2\/pages"}],"about":[{"href":"http:\/\/toloajtocentrum.hu\/index.php?rest_route=\/wp\/v2\/types\/page"}],"author":[{"embeddable":true,"href":"http:\/\/toloajtocentrum.hu\/index.php?rest_route=\/wp\/v2\/users\/1"}],"replies":[{"embeddable":true,"href":"http:\/\/toloajtocentrum.hu\/index.php?rest_route=%2Fwp%2Fv2%2Fcomments&post=2"}],"version-history":[{"count":4,"href":"http:\/\/toloajtocentrum.hu\/index.php?rest_route=\/wp\/v2\/pages\/2\/revisions"}],"predecessor-version":[{"id":46,"href":"http:\/\/toloajtocentrum.hu\/index.php?rest_route=\/wp\/v2\/pages\/2\/revisions\/46"}],"wp:featuredmedia":[{"embeddable":true,"href":"http:\/\/toloajtocentrum.hu\/index.php?rest_route=\/wp\/v2\/media\/36"}],"wp:attachment":[{"href":"http:\/\/toloajtocentrum.hu\/index.php?rest_route=%2Fwp%2Fv2%2Fmedia&parent=2"}],"curies":[{"name":"wp","href":"https:\/\/api.w.org\/{rel}","templated":true}]}}